{"id":4822,"date":"2021-07-01T08:26:41","date_gmt":"2021-07-01T06:26:41","guid":{"rendered":"https:\/\/www.vv-kunststoffe.de\/stegplatten-wellplatten\/?page_id=4822"},"modified":"2026-02-27T16:31:08","modified_gmt":"2026-02-27T14:31:08","slug":"downloads","status":"publish","type":"page","link":"https:\/\/www.vv-kunststoffe.de\/stegplatten-wellplatten\/downloads\/","title":{"rendered":"Downloads"},"content":{"rendered":"<h4><span style=\"color: #ff6600;\">Preisliste<\/span><\/h4>\n<h5><span style=\"color: #808080;\"><a style=\"color: #808080;\" href=\"https:\/\/www.vv-kunststoffe.de\/stegplatten-wellplatten\/wp-content\/uploads\/2026\/02\/Aktuelle-Preisliste-01.03.2026-VV-Kunststoffe.pdf\" class=\"mtli_attachment mtli_pdf\" target=\"_blank\" rel=\"noopener\">Aktuelle Preisliste 01.03.2026 V+V Kunststoffe<\/a><\/span><\/h5>\n<h4><span style=\"color: #ff6600;\">Brosch\u00fcren \/ Flyer<\/span><\/h4>\n<p><span style=\"color: #808080;\"><a style=\"color: #808080;\" href=\"https:\/\/www.vv-kunststoffe.de\/stegplatten-wellplatten\/wp-content\/uploads\/2025\/05\/Webansicht-Broschuere_Stegplatten_V017_FF_250306_final_flyeralarm-1.pdf\" class=\"mtli_attachment mtli_pdf\" target=\"_blank\" rel=\"noopener\">Stegplatten und Zubeh\u00f6r<\/a><\/span><\/p>\n<p><span style=\"color: #808080;\"><a style=\"color: #808080;\" href=\"https:\/\/www.vv-kunststoffe.de\/stegplatten-wellplatten\/wp-content\/uploads\/2024\/02\/Folder_AluKonstr_V03_FF_190903_Webansicht.pdf\" class=\"mtli_attachment mtli_pdf\" target=\"_blank\" rel=\"noopener\">Aluminium-Terrassendach oder Carport<\/a><\/span><\/p>\n<p><span style=\"color: #808080;\"><a style=\"color: #808080;\" href=\"https:\/\/www.vv-kunststoffe.de\/stegplatten-wellplatten\/wp-content\/uploads\/2024\/02\/Broschuere_Wellplatten_V05_FF_230705_flyeralarm.Finale-Druckversion-06.07.2023.pdf\" class=\"mtli_attachment mtli_pdf\" target=\"_blank\" rel=\"noopener\">Profil- und Wellplatten mit Zubeh\u00f6r<\/a><\/span><\/p>\n<p><span style=\"color: #808080;\"><a style=\"color: #808080;\" href=\"https:\/\/www.vv-kunststoffe.de\/stegplatten-wellplatten\/wp-content\/uploads\/2024\/02\/Broschuere-Fassade-aktuell-Kopie.pdf\" class=\"mtli_attachment mtli_pdf\" target=\"_blank\" rel=\"noopener\">Fassaden- und Balkontafeln mit Zubeh\u00f6r<\/a><\/span><\/p>\n<p><span style=\"color: #808080;\"><a style=\"color: #808080;\" href=\"https:\/\/www.vv-kunststoffe.de\/stegplatten-wellplatten\/wp-content\/uploads\/2024\/02\/2024-01-24_Kronoart_FOLDER_VV-Kunststoffe_SCREEN_Seiten.pdf\" class=\"mtli_attachment mtli_pdf\" target=\"_blank\" rel=\"noopener\">HPL Baukompaktplatte M-Line Kronoplan\u00ae \/ Kronoart\u00ae<\/a><\/span><\/p>\n<p><span style=\"color: #808080;\"><a style=\"color: #808080;\" href=\"https:\/\/www.vv-kunststoffe.de\/stegplatten-wellplatten\/wp-content\/uploads\/2024\/02\/Alucom-Design-Exterieur-VV-Kunststoffe-1.pdf\" class=\"mtli_attachment mtli_pdf\" target=\"_blank\" rel=\"noopener\">Aluverbundplatte Alucom\u00ae Design Exterieur<\/a><\/span><\/p>\n<p><a href=\"https:\/\/www.vv-kunststoffe.de\/stegplatten-wellplatten\/wp-content\/uploads\/2025\/07\/2025-07-17_FOLDER_ACD-Interieur_VV-Kunststoffe_SCREEN-Seiten-korr.pdf\" class=\"mtli_attachment mtli_pdf\" target=\"_blank\" rel=\"noopener\"><span style=\"color: #808080;\">Aluverbundplatte Alucom\u00ae Design Interieur<\/span><\/a><\/p>\n<p><span style=\"color: #808080;\"><a style=\"color: #808080;\" href=\"https:\/\/www.vv-kunststoffe.de\/stegplatten-wellplatten\/wp-content\/uploads\/2024\/02\/8-Seiter_Terrassendielen.pdf\" class=\"mtli_attachment mtli_pdf\" target=\"_blank\" rel=\"noopener\">Co-extrudierte WPC Terrassendielen<\/a><\/span><\/p>\n<p><span style=\"color: #808080;\"><a style=\"color: #808080;\" href=\"https:\/\/www.vv-kunststoffe.de\/stegplatten-wellplatten\/wp-content\/uploads\/2024\/03\/Simona-Flyer-Simolife.pdf\" class=\"mtli_attachment mtli_pdf\" target=\"_blank\" rel=\"noopener\">Technische Kunststoffe &#8211; SIMOLIFE<\/a><\/span><\/p>\n<p><span style=\"color: #808080;\"><a style=\"color: #808080;\" href=\"https:\/\/www.vv-kunststoffe.de\/stegplatten-wellplatten\/wp-content\/uploads\/2024\/03\/Simona-Flyer-Simolux.pdf\" class=\"mtli_attachment mtli_pdf\" target=\"_blank\" rel=\"noopener\">Technische Kunststoffe &#8211; SIMOLUX<\/a><\/span><\/p>\n<p><span style=\"color: #808080;\"><a style=\"color: #808080;\" href=\"https:\/\/www.vv-kunststoffe.de\/stegplatten-wellplatten\/wp-content\/uploads\/2024\/03\/Simona-Flyer-PE.pdf\" class=\"mtli_attachment mtli_pdf\" target=\"_blank\" rel=\"noopener\">Technische Kunststoffe &#8211; PE-Halbzeuge<\/a><\/span><\/p>\n<p><span style=\"color: #808080;\"><a style=\"color: #808080;\" href=\"https:\/\/www.vv-kunststoffe.de\/stegplatten-wellplatten\/wp-content\/uploads\/2024\/03\/Simona-Flyer-PP.pdf\" class=\"mtli_attachment mtli_pdf\" target=\"_blank\" rel=\"noopener\">Technische Kunststoffe &#8211; PP-Halbzeuge<\/a><\/span><\/p>\n<h4><span style=\"color: #ff6600;\">Verkaufsgebiet<br \/>\n<\/span><\/h4>\n<p><span style=\"color: #808080;\"><a style=\"color: #808080;\" href=\"https:\/\/www.vv-kunststoffe.de\/stegplatten-wellplatten\/wp-content\/uploads\/2025\/12\/Liefergebiet-2025.pdf\" class=\"mtli_attachment mtli_pdf\" target=\"_blank\" rel=\"noopener\">Liefer- und Verkaufsgebiet<\/a><\/span><\/p>\n<h4><\/h4>\n<h4><span style=\"color: #ff6600;\">Unsere Mitarbeiter<\/span><\/h4>\n<p><span style=\"color: #808080;\"><a style=\"color: #808080;\" href=\"https:\/\/www.vv-kunststoffe.de\/stegplatten-wellplatten\/wp-content\/uploads\/2026\/01\/Mitarbeiter-Telefonliste-und-Emailanschriften-fuer-Produktordner-und-Internetseite.pdf\" class=\"mtli_attachment mtli_pdf\" target=\"_blank\" rel=\"noopener\">Mitarbeiter &#8211; Telefonliste und Emailanschriften<\/a><\/span><\/p>\n<h4><\/h4>\n<h4><span style=\"color: #ff6600;\">\u00d6ffnungszeiten<\/span><\/h4>\n<p><span style=\"color: #808080;\">Montag \u2013 Donnerstag\u00a0\u00a0\u00a0\u00a0\u00a0\u00a0\u00a0\u00a0\u00a0\u00a0\u00a0\u00a0\u00a0 7.00 &#8211; 17.00 Uhr<\/span><br \/>\n<span style=\"color: #808080;\">Freitag\u00a0\u00a0\u00a0 (April &#8211; Oktober)\u00a0\u00a0\u00a0\u00a0\u00a0\u00a0 7.00 &#8211; 17.00 Uhr<\/span><br \/>\n<span style=\"color: #808080;\">\u00a0\u00a0\u00a0\u00a0\u00a0\u00a0\u00a0\u00a0\u00a0\u00a0\u00a0\u00a0\u00a0 (November &#8211; M\u00e4rz)\u00a0\u00a0\u00a0 7.00 &#8211; 15.00 Uhr<\/span><\/p>\n","protected":false},"excerpt":{"rendered":"<p>Preisliste Aktuelle Preisliste 01.03.2026 V+V Kunststoffe Brosch\u00fcren \/ Flyer Stegplatten und Zubeh\u00f6r Aluminium-Terrassendach oder Carport Profil- und Wellplatten mit Zubeh\u00f6r Fassaden- und Balkontafeln mit Zubeh\u00f6r HPL Baukompaktplatte M-Line Kronoplan\u00ae \/ Kronoart\u00ae Aluverbundplatte Alucom\u00ae Design Exterieur Aluverbundplatte Alucom\u00ae Design Interieur Co-extrudierte &hellip; <a class=\"kt-excerpt-readmore\" href=\"https:\/\/www.vv-kunststoffe.de\/stegplatten-wellplatten\/downloads\/\" aria-label=\"Downloads\">Weiterlesen<\/a><\/p>\n","protected":false},"author":1,"featured_media":6828,"parent":0,"menu_order":0,"comment_status":"closed","ping_status":"closed","template":"page-feature.php","meta":{"footnotes":""},"class_list":["post-4822","page","type-page","status-publish","has-post-thumbnail","hentry"],"_links":{"self":[{"href":"https:\/\/www.vv-kunststoffe.de\/stegplatten-wellplatten\/wp-json\/wp\/v2\/pages\/4822","targetHints":{"allow":["GET"]}}],"collection":[{"href":"https:\/\/www.vv-kunststoffe.de\/stegplatten-wellplatten\/wp-json\/wp\/v2\/pages"}],"about":[{"href":"https:\/\/www.vv-kunststoffe.de\/stegplatten-wellplatten\/wp-json\/wp\/v2\/types\/page"}],"author":[{"embeddable":true,"href":"https:\/\/www.vv-kunststoffe.de\/stegplatten-wellplatten\/wp-json\/wp\/v2\/users\/1"}],"replies":[{"embeddable":true,"href":"https:\/\/www.vv-kunststoffe.de\/stegplatten-wellplatten\/wp-json\/wp\/v2\/comments?post=4822"}],"version-history":[{"count":127,"href":"https:\/\/www.vv-kunststoffe.de\/stegplatten-wellplatten\/wp-json\/wp\/v2\/pages\/4822\/revisions"}],"predecessor-version":[{"id":7810,"href":"https:\/\/www.vv-kunststoffe.de\/stegplatten-wellplatten\/wp-json\/wp\/v2\/pages\/4822\/revisions\/7810"}],"wp:featuredmedia":[{"embeddable":true,"href":"https:\/\/www.vv-kunststoffe.de\/stegplatten-wellplatten\/wp-json\/wp\/v2\/media\/6828"}],"wp:attachment":[{"href":"https:\/\/www.vv-kunststoffe.de\/stegplatten-wellplatten\/wp-json\/wp\/v2\/media?parent=4822"}],"curies":[{"name":"wp","href":"https:\/\/api.w.org\/{rel}","templated":true}]}}